{"id":327,"date":"2024-09-10T16:54:48","date_gmt":"2024-09-10T14:54:48","guid":{"rendered":"https:\/\/fasqhotel.ms2.decms.eu\/mentions-legales\/"},"modified":"2025-06-26T15:44:14","modified_gmt":"2025-06-26T13:44:14","slug":"%d8%a5%d8%b4%d8%b9%d8%a7%d8%b1-%d9%82%d8%a7%d9%86%d9%88%d9%86%d9%8a","status":"publish","type":"page","link":"https:\/\/www.fasqhotel.com\/ar\/%d8%a5%d8%b4%d8%b9%d8%a7%d8%b1-%d9%82%d8%a7%d9%86%d9%88%d9%86%d9%8a\/","title":{"rendered":"\u0625\u0634\u0639\u0627\u0631 \u0642\u0627\u0646\u0648\u0646\u064a"},"content":{"rendered":"<p><strong>DESIGN et Maintenance<\/strong><br \/>\nLe Site est r\u00e9alis\u00e9 par la soci\u00e9t\u00e9 D-Edge, 64-66 rue des Archives, 75003 Paris ;<br \/>\nNum\u00e9ro de t\u00e9l\u00e9phone : +33 (0)1 76 44 04 35 ;<br \/>\nSite officiel : D-EDGE<\/p>\n<p><strong>H\u00c9BERGEMENT<\/strong><br \/>\nWPEngine, Inc., Irongate House, 22-30 Duke\u2019s Place, London, EC3A 7LP, United Kingdom, Phone: 08 00 50 53 049<\/p>\n","protected":false},"excerpt":{"rendered":"<p>DESIGN et Maintenance Le Site est r\u00e9alis\u00e9 par la soci\u00e9t\u00e9 D-Edge, 64-66 rue des Archives, 75003 Paris ; Num\u00e9ro de t\u00e9l\u00e9phone : +33 (0)1 76 44 04 35 ; Site officiel : D-EDGE H\u00c9BERGEMENT WPEngine, Inc., Irongate House, 22-30 Duke\u2019s Place, London, EC3A 7LP, United Kingdom, Phone: 08 00 50 53 049<\/p>\n","protected":false},"author":19,"featured_media":0,"parent":0,"menu_order":0,"comment_status":"closed","ping_status":"closed","template":"","meta":{"footnotes":""},"class_list":["post-327","page","type-page","status-publish","hentry"],"yoast_head":"<!-- This site is optimized with the Yoast SEO plugin v27.3 - https:\/\/yoast.com\/product\/yoast-seo-wordpress\/ -->\n<title>Mentions l\u00e9gales | FASQ Hotel Nouakchott<\/title>\n<meta name=\"description\" content=\"Consultez nos mentions l\u00e9gales pour en savoir plus sur le FASQ Hotel \u00e0 Nouakchott. Informez-vous sur nos politiques et conditions d&#039;utilisation.\" \/>\n<meta name=\"robots\" content=\"index, follow, max-snippet:-1, max-image-preview:large, max-video-preview:-1\" \/>\n<link rel=\"canonical\" href=\"https:\/\/www.fasqhotel.com\/ar\/%d8%a5%d8%b4%d8%b9%d8%a7%d8%b1-%d9%82%d8%a7%d9%86%d9%88%d9%86%d9%8a\/\" \/>\n<meta property=\"og:locale\" content=\"ar_AR\" \/>\n<meta property=\"og:type\" content=\"article\" \/>\n<meta property=\"og:title\" content=\"Mentions l\u00e9gales | FASQ Hotel Nouakchott\" \/>\n<meta property=\"og:description\" content=\"Consultez nos mentions l\u00e9gales pour en savoir plus sur le FASQ Hotel \u00e0 Nouakchott. Informez-vous sur nos politiques et conditions d&#039;utilisation.\" \/>\n<meta property=\"og:url\" content=\"https:\/\/www.fasqhotel.com\/ar\/%d8%a5%d8%b4%d8%b9%d8%a7%d8%b1-%d9%82%d8%a7%d9%86%d9%88%d9%86%d9%8a\/\" \/>\n<meta property=\"og:site_name\" content=\"FASQ Hotel\" \/>\n<meta property=\"article:modified_time\" content=\"2025-06-26T13:44:14+00:00\" \/>\n<meta name=\"twitter:card\" content=\"summary_large_image\" \/>\n<meta name=\"twitter:label1\" content=\"\u0648\u0642\u062a \u0627\u0644\u0642\u0631\u0627\u0621\u0629 \u0627\u0644\u0645\u064f\u0642\u062f\u0651\u0631\" \/>\n\t<meta name=\"twitter:data1\" content=\"1 \u062f\u0642\u064a\u0642\u0629\" \/>\n<script type=\"application\/ld+json\" class=\"yoast-schema-graph\">{\"@context\":\"https:\\\/\\\/schema.org\",\"@graph\":[{\"@type\":\"WebPage\",\"@id\":\"https:\\\/\\\/www.fasqhotel.com\\\/ar\\\/%d8%a5%d8%b4%d8%b9%d8%a7%d8%b1-%d9%82%d8%a7%d9%86%d9%88%d9%86%d9%8a\\\/\",\"url\":\"https:\\\/\\\/www.fasqhotel.com\\\/ar\\\/%d8%a5%d8%b4%d8%b9%d8%a7%d8%b1-%d9%82%d8%a7%d9%86%d9%88%d9%86%d9%8a\\\/\",\"name\":\"Mentions l\u00e9gales | FASQ Hotel Nouakchott\",\"isPartOf\":{\"@id\":\"https:\\\/\\\/www.fasqhotel.com\\\/ar\\\/#website\"},\"datePublished\":\"2024-09-10T14:54:48+00:00\",\"dateModified\":\"2025-06-26T13:44:14+00:00\",\"description\":\"Consultez nos mentions l\u00e9gales pour en savoir plus sur le FASQ Hotel \u00e0 Nouakchott. Informez-vous sur nos politiques et conditions d'utilisation.\",\"breadcrumb\":{\"@id\":\"https:\\\/\\\/www.fasqhotel.com\\\/ar\\\/%d8%a5%d8%b4%d8%b9%d8%a7%d8%b1-%d9%82%d8%a7%d9%86%d9%88%d9%86%d9%8a\\\/#breadcrumb\"},\"inLanguage\":\"ar\",\"potentialAction\":[{\"@type\":\"ReadAction\",\"target\":[\"https:\\\/\\\/www.fasqhotel.com\\\/ar\\\/%d8%a5%d8%b4%d8%b9%d8%a7%d8%b1-%d9%82%d8%a7%d9%86%d9%88%d9%86%d9%8a\\\/\"]}]},{\"@type\":\"BreadcrumbList\",\"@id\":\"https:\\\/\\\/www.fasqhotel.com\\\/ar\\\/%d8%a5%d8%b4%d8%b9%d8%a7%d8%b1-%d9%82%d8%a7%d9%86%d9%88%d9%86%d9%8a\\\/#breadcrumb\",\"itemListElement\":[{\"@type\":\"ListItem\",\"position\":1,\"name\":\"Accueil\",\"item\":\"https:\\\/\\\/www.fasqhotel.com\\\/ar\\\/\"},{\"@type\":\"ListItem\",\"position\":2,\"name\":\"\u0625\u0634\u0639\u0627\u0631 \u0642\u0627\u0646\u0648\u0646\u064a\"}]},{\"@type\":\"WebSite\",\"@id\":\"https:\\\/\\\/www.fasqhotel.com\\\/ar\\\/#website\",\"url\":\"https:\\\/\\\/www.fasqhotel.com\\\/ar\\\/\",\"name\":\"FASQ Hotel\",\"description\":\"\",\"potentialAction\":[{\"@type\":\"SearchAction\",\"target\":{\"@type\":\"EntryPoint\",\"urlTemplate\":\"https:\\\/\\\/www.fasqhotel.com\\\/ar\\\/?s={search_term_string}\"},\"query-input\":{\"@type\":\"PropertyValueSpecification\",\"valueRequired\":true,\"valueName\":\"search_term_string\"}}],\"inLanguage\":\"ar\"}]}<\/script>\n<!-- \/ Yoast SEO plugin. -->","yoast_head_json":{"title":"Mentions l\u00e9gales | FASQ Hotel Nouakchott","description":"Consultez nos mentions l\u00e9gales pour en savoir plus sur le FASQ Hotel \u00e0 Nouakchott. Informez-vous sur nos politiques et conditions d'utilisation.","robots":{"index":"index","follow":"follow","max-snippet":"max-snippet:-1","max-image-preview":"max-image-preview:large","max-video-preview":"max-video-preview:-1"},"canonical":"https:\/\/www.fasqhotel.com\/ar\/%d8%a5%d8%b4%d8%b9%d8%a7%d8%b1-%d9%82%d8%a7%d9%86%d9%88%d9%86%d9%8a\/","og_locale":"ar_AR","og_type":"article","og_title":"Mentions l\u00e9gales | FASQ Hotel Nouakchott","og_description":"Consultez nos mentions l\u00e9gales pour en savoir plus sur le FASQ Hotel \u00e0 Nouakchott. Informez-vous sur nos politiques et conditions d'utilisation.","og_url":"https:\/\/www.fasqhotel.com\/ar\/%d8%a5%d8%b4%d8%b9%d8%a7%d8%b1-%d9%82%d8%a7%d9%86%d9%88%d9%86%d9%8a\/","og_site_name":"FASQ Hotel","article_modified_time":"2025-06-26T13:44:14+00:00","twitter_card":"summary_large_image","twitter_misc":{"\u0648\u0642\u062a \u0627\u0644\u0642\u0631\u0627\u0621\u0629 \u0627\u0644\u0645\u064f\u0642\u062f\u0651\u0631":"1 \u062f\u0642\u064a\u0642\u0629"},"schema":{"@context":"https:\/\/schema.org","@graph":[{"@type":"WebPage","@id":"https:\/\/www.fasqhotel.com\/ar\/%d8%a5%d8%b4%d8%b9%d8%a7%d8%b1-%d9%82%d8%a7%d9%86%d9%88%d9%86%d9%8a\/","url":"https:\/\/www.fasqhotel.com\/ar\/%d8%a5%d8%b4%d8%b9%d8%a7%d8%b1-%d9%82%d8%a7%d9%86%d9%88%d9%86%d9%8a\/","name":"Mentions l\u00e9gales | FASQ Hotel Nouakchott","isPartOf":{"@id":"https:\/\/www.fasqhotel.com\/ar\/#website"},"datePublished":"2024-09-10T14:54:48+00:00","dateModified":"2025-06-26T13:44:14+00:00","description":"Consultez nos mentions l\u00e9gales pour en savoir plus sur le FASQ Hotel \u00e0 Nouakchott. Informez-vous sur nos politiques et conditions d'utilisation.","breadcrumb":{"@id":"https:\/\/www.fasqhotel.com\/ar\/%d8%a5%d8%b4%d8%b9%d8%a7%d8%b1-%d9%82%d8%a7%d9%86%d9%88%d9%86%d9%8a\/#breadcrumb"},"inLanguage":"ar","potentialAction":[{"@type":"ReadAction","target":["https:\/\/www.fasqhotel.com\/ar\/%d8%a5%d8%b4%d8%b9%d8%a7%d8%b1-%d9%82%d8%a7%d9%86%d9%88%d9%86%d9%8a\/"]}]},{"@type":"BreadcrumbList","@id":"https:\/\/www.fasqhotel.com\/ar\/%d8%a5%d8%b4%d8%b9%d8%a7%d8%b1-%d9%82%d8%a7%d9%86%d9%88%d9%86%d9%8a\/#breadcrumb","itemListElement":[{"@type":"ListItem","position":1,"name":"Accueil","item":"https:\/\/www.fasqhotel.com\/ar\/"},{"@type":"ListItem","position":2,"name":"\u0625\u0634\u0639\u0627\u0631 \u0642\u0627\u0646\u0648\u0646\u064a"}]},{"@type":"WebSite","@id":"https:\/\/www.fasqhotel.com\/ar\/#website","url":"https:\/\/www.fasqhotel.com\/ar\/","name":"FASQ Hotel","description":"","potentialAction":[{"@type":"SearchAction","target":{"@type":"EntryPoint","urlTemplate":"https:\/\/www.fasqhotel.com\/ar\/?s={search_term_string}"},"query-input":{"@type":"PropertyValueSpecification","valueRequired":true,"valueName":"search_term_string"}}],"inLanguage":"ar"}]}},"acf":[],"_links":{"self":[{"href":"https:\/\/www.fasqhotel.com\/ar\/wp-json\/wp\/v2\/pages\/327","targetHints":{"allow":["GET"]}}],"collection":[{"href":"https:\/\/www.fasqhotel.com\/ar\/wp-json\/wp\/v2\/pages"}],"about":[{"href":"https:\/\/www.fasqhotel.com\/ar\/wp-json\/wp\/v2\/types\/page"}],"author":[{"embeddable":true,"href":"https:\/\/www.fasqhotel.com\/ar\/wp-json\/wp\/v2\/users\/19"}],"replies":[{"embeddable":true,"href":"https:\/\/www.fasqhotel.com\/ar\/wp-json\/wp\/v2\/comments?post=327"}],"version-history":[{"count":0,"href":"https:\/\/www.fasqhotel.com\/ar\/wp-json\/wp\/v2\/pages\/327\/revisions"}],"wp:attachment":[{"href":"https:\/\/www.fasqhotel.com\/ar\/wp-json\/wp\/v2\/media?parent=327"}],"curies":[{"name":"wp","href":"https:\/\/api.w.org\/{rel}","templated":true}]}}