{"id":269,"date":"2024-09-10T16:54:48","date_gmt":"2024-09-10T14:54:48","guid":{"rendered":"https:\/\/fasqhotel.ms2.decms.eu\/mentions-legales\/"},"modified":"2025-06-10T17:34:32","modified_gmt":"2025-06-10T15:34:32","slug":"legal-notice","status":"publish","type":"page","link":"https:\/\/www.fasqhotel.com\/en\/legal-notice\/","title":{"rendered":"Legal Notice"},"content":{"rendered":"<p><strong>DESIGN et Maintenance<\/strong><br \/>\nLe Site est r\u00e9alis\u00e9 par la soci\u00e9t\u00e9 D-Edge, 64-66 rue des Archives, 75003 Paris ;<br \/>\nNum\u00e9ro de t\u00e9l\u00e9phone : +33 (0)1 76 44 04 35 ;<br \/>\nSite officiel : D-EDGE<\/p>\n<p><strong>H\u00c9BERGEMENT<\/strong><br \/>\nWPEngine, Inc., Irongate House, 22-30 Duke\u2019s Place, London, EC3A 7LP, United Kingdom, Phone: 08 00 50 53 049<\/p>\n","protected":false},"excerpt":{"rendered":"<p>DESIGN et Maintenance Le Site est r\u00e9alis\u00e9 par la soci\u00e9t\u00e9 D-Edge, 64-66 rue des Archives, 75003 Paris ; Num\u00e9ro de t\u00e9l\u00e9phone : +33 (0)1 76 44 04 35 ; Site officiel : D-EDGE H\u00c9BERGEMENT WPEngine, Inc., Irongate House, 22-30 Duke\u2019s Place, London, EC3A 7LP, United Kingdom, Phone: 08 00 50 53 049<\/p>\n","protected":false},"author":19,"featured_media":0,"parent":0,"menu_order":0,"comment_status":"closed","ping_status":"closed","template":"","meta":{"footnotes":""},"class_list":["post-269","page","type-page","status-publish","hentry"],"yoast_head":"<!-- This site is optimized with the Yoast SEO plugin v27.3 - https:\/\/yoast.com\/product\/yoast-seo-wordpress\/ -->\n<title>Legal Notice | FASQ Hotel Nouakchott<\/title>\n<meta name=\"description\" content=\"Read our legal notice to find out more about FASQ Hotel in Nouakchott. Find out more about our policies and conditions of use.\" \/>\n<meta name=\"robots\" content=\"index, follow, max-snippet:-1, max-image-preview:large, max-video-preview:-1\" \/>\n<link rel=\"canonical\" href=\"https:\/\/www.fasqhotel.com\/en\/legal-notice\/\" \/>\n<meta property=\"og:locale\" content=\"en_US\" \/>\n<meta property=\"og:type\" content=\"article\" \/>\n<meta property=\"og:title\" content=\"Legal Notice | FASQ Hotel Nouakchott\" \/>\n<meta property=\"og:description\" content=\"Read our legal notice to find out more about FASQ Hotel in Nouakchott. Find out more about our policies and conditions of use.\" \/>\n<meta property=\"og:url\" content=\"https:\/\/www.fasqhotel.com\/en\/legal-notice\/\" \/>\n<meta property=\"og:site_name\" content=\"FASQ Hotel\" \/>\n<meta property=\"article:modified_time\" content=\"2025-06-10T15:34:32+00:00\" \/>\n<meta name=\"twitter:card\" content=\"summary_large_image\" \/>\n<meta name=\"twitter:label1\" content=\"Est. reading time\" \/>\n\t<meta name=\"twitter:data1\" content=\"1 minute\" \/>\n<script type=\"application\/ld+json\" class=\"yoast-schema-graph\">{\"@context\":\"https:\\\/\\\/schema.org\",\"@graph\":[{\"@type\":\"WebPage\",\"@id\":\"https:\\\/\\\/www.fasqhotel.com\\\/en\\\/legal-notice\\\/\",\"url\":\"https:\\\/\\\/www.fasqhotel.com\\\/en\\\/legal-notice\\\/\",\"name\":\"Legal Notice | FASQ Hotel Nouakchott\",\"isPartOf\":{\"@id\":\"https:\\\/\\\/www.fasqhotel.com\\\/en\\\/#website\"},\"datePublished\":\"2024-09-10T14:54:48+00:00\",\"dateModified\":\"2025-06-10T15:34:32+00:00\",\"description\":\"Read our legal notice to find out more about FASQ Hotel in Nouakchott. Find out more about our policies and conditions of use.\",\"breadcrumb\":{\"@id\":\"https:\\\/\\\/www.fasqhotel.com\\\/en\\\/legal-notice\\\/#breadcrumb\"},\"inLanguage\":\"en-US\",\"potentialAction\":[{\"@type\":\"ReadAction\",\"target\":[\"https:\\\/\\\/www.fasqhotel.com\\\/en\\\/legal-notice\\\/\"]}]},{\"@type\":\"BreadcrumbList\",\"@id\":\"https:\\\/\\\/www.fasqhotel.com\\\/en\\\/legal-notice\\\/#breadcrumb\",\"itemListElement\":[{\"@type\":\"ListItem\",\"position\":1,\"name\":\"Accueil\",\"item\":\"https:\\\/\\\/www.fasqhotel.com\\\/en\\\/\"},{\"@type\":\"ListItem\",\"position\":2,\"name\":\"Legal Notice\"}]},{\"@type\":\"WebSite\",\"@id\":\"https:\\\/\\\/www.fasqhotel.com\\\/en\\\/#website\",\"url\":\"https:\\\/\\\/www.fasqhotel.com\\\/en\\\/\",\"name\":\"FASQ Hotel\",\"description\":\"\",\"potentialAction\":[{\"@type\":\"SearchAction\",\"target\":{\"@type\":\"EntryPoint\",\"urlTemplate\":\"https:\\\/\\\/www.fasqhotel.com\\\/en\\\/?s={search_term_string}\"},\"query-input\":{\"@type\":\"PropertyValueSpecification\",\"valueRequired\":true,\"valueName\":\"search_term_string\"}}],\"inLanguage\":\"en-US\"}]}<\/script>\n<!-- \/ Yoast SEO plugin. -->","yoast_head_json":{"title":"Legal Notice | FASQ Hotel Nouakchott","description":"Read our legal notice to find out more about FASQ Hotel in Nouakchott. Find out more about our policies and conditions of use.","robots":{"index":"index","follow":"follow","max-snippet":"max-snippet:-1","max-image-preview":"max-image-preview:large","max-video-preview":"max-video-preview:-1"},"canonical":"https:\/\/www.fasqhotel.com\/en\/legal-notice\/","og_locale":"en_US","og_type":"article","og_title":"Legal Notice | FASQ Hotel Nouakchott","og_description":"Read our legal notice to find out more about FASQ Hotel in Nouakchott. Find out more about our policies and conditions of use.","og_url":"https:\/\/www.fasqhotel.com\/en\/legal-notice\/","og_site_name":"FASQ Hotel","article_modified_time":"2025-06-10T15:34:32+00:00","twitter_card":"summary_large_image","twitter_misc":{"Est. reading time":"1 minute"},"schema":{"@context":"https:\/\/schema.org","@graph":[{"@type":"WebPage","@id":"https:\/\/www.fasqhotel.com\/en\/legal-notice\/","url":"https:\/\/www.fasqhotel.com\/en\/legal-notice\/","name":"Legal Notice | FASQ Hotel Nouakchott","isPartOf":{"@id":"https:\/\/www.fasqhotel.com\/en\/#website"},"datePublished":"2024-09-10T14:54:48+00:00","dateModified":"2025-06-10T15:34:32+00:00","description":"Read our legal notice to find out more about FASQ Hotel in Nouakchott. Find out more about our policies and conditions of use.","breadcrumb":{"@id":"https:\/\/www.fasqhotel.com\/en\/legal-notice\/#breadcrumb"},"inLanguage":"en-US","potentialAction":[{"@type":"ReadAction","target":["https:\/\/www.fasqhotel.com\/en\/legal-notice\/"]}]},{"@type":"BreadcrumbList","@id":"https:\/\/www.fasqhotel.com\/en\/legal-notice\/#breadcrumb","itemListElement":[{"@type":"ListItem","position":1,"name":"Accueil","item":"https:\/\/www.fasqhotel.com\/en\/"},{"@type":"ListItem","position":2,"name":"Legal Notice"}]},{"@type":"WebSite","@id":"https:\/\/www.fasqhotel.com\/en\/#website","url":"https:\/\/www.fasqhotel.com\/en\/","name":"FASQ Hotel","description":"","potentialAction":[{"@type":"SearchAction","target":{"@type":"EntryPoint","urlTemplate":"https:\/\/www.fasqhotel.com\/en\/?s={search_term_string}"},"query-input":{"@type":"PropertyValueSpecification","valueRequired":true,"valueName":"search_term_string"}}],"inLanguage":"en-US"}]}},"acf":[],"_links":{"self":[{"href":"https:\/\/www.fasqhotel.com\/en\/wp-json\/wp\/v2\/pages\/269","targetHints":{"allow":["GET"]}}],"collection":[{"href":"https:\/\/www.fasqhotel.com\/en\/wp-json\/wp\/v2\/pages"}],"about":[{"href":"https:\/\/www.fasqhotel.com\/en\/wp-json\/wp\/v2\/types\/page"}],"author":[{"embeddable":true,"href":"https:\/\/www.fasqhotel.com\/en\/wp-json\/wp\/v2\/users\/19"}],"replies":[{"embeddable":true,"href":"https:\/\/www.fasqhotel.com\/en\/wp-json\/wp\/v2\/comments?post=269"}],"version-history":[{"count":0,"href":"https:\/\/www.fasqhotel.com\/en\/wp-json\/wp\/v2\/pages\/269\/revisions"}],"wp:attachment":[{"href":"https:\/\/www.fasqhotel.com\/en\/wp-json\/wp\/v2\/media?parent=269"}],"curies":[{"name":"wp","href":"https:\/\/api.w.org\/{rel}","templated":true}]}}